{"id":1857,"date":"2022-12-06T09:12:00","date_gmt":"2022-12-06T14:12:00","guid":{"rendered":"https:\/\/memorialcorp.com\/?page_id=1857"},"modified":"2022-12-06T09:56:59","modified_gmt":"2022-12-06T14:56:59","slug":"politica-de-privacidade","status":"publish","type":"page","link":"https:\/\/memorialcorp.com\/index.php\/pt\/politica-de-privacidade\/","title":{"rendered":"Politica de Privacidade"},"content":{"rendered":"\t\t<div data-elementor-type=\"wp-page\" data-elementor-id=\"1857\" class=\"elementor elementor-1857\" data-elementor-post-type=\"page\">\n\t\t\t\t\t\t<section class=\"elementor-section elementor-top-section elementor-element elementor-element-b3e441c elementor-section-boxed elementor-section-height-default elementor-section-height-default\" data-id=\"b3e441c\" data-element_type=\"section\">\n\t\t\t\t\t\t<div class=\"elementor-container elementor-column-gap-default\">\n\t\t\t\t\t<div class=\"elementor-column elementor-col-100 elementor-top-column elementor-element elementor-element-2466e69\" data-id=\"2466e69\" data-element_type=\"column\">\n\t\t\t<div class=\"elementor-widget-wrap elementor-element-populated\">\n\t\t\t\t\t\t<div class=\"elementor-element elementor-element-8d81763 elementor-widget elementor-widget-heading\" data-id=\"8d81763\" data-element_type=\"widget\" data-widget_type=\"heading.default\">\n\t\t\t\t<div class=\"elementor-widget-container\">\n\t\t\t<h1 class=\"elementor-heading-title elementor-size-default\">POL\u00cdTICA DE PRIVACIDADE DA MEMORIAL INTERNATIONAL.<\/h1>\t\t<\/div>\n\t\t\t\t<\/div>\n\t\t\t\t\t<\/div>\n\t\t<\/div>\n\t\t\t\t\t<\/div>\n\t\t<\/section>\n\t\t\t\t<section class=\"elementor-section elementor-top-section elementor-element elementor-element-80c77be elementor-section-boxed elementor-section-height-default elementor-section-height-default\" data-id=\"80c77be\" data-element_type=\"section\">\n\t\t\t\t\t\t<div class=\"elementor-container elementor-column-gap-default\">\n\t\t\t\t\t<div class=\"elementor-column elementor-col-100 elementor-top-column elementor-element elementor-element-7526621\" data-id=\"7526621\" data-element_type=\"column\">\n\t\t\t<div class=\"elementor-widget-wrap elementor-element-populated\">\n\t\t\t\t\t\t<div class=\"elementor-element elementor-element-8664fae elementor-widget elementor-widget-heading\" data-id=\"8664fae\" data-element_type=\"widget\" data-widget_type=\"heading.default\">\n\t\t\t\t<div class=\"elementor-widget-container\">\n\t\t\t<p class=\"elementor-heading-title elementor-size-default\">MEMORIAL INTERNATIONAL, que doravante e para os usu\u00e1rios deste documento se identifica MEMORIAL, \u00e9 uma empresa constitu\u00edda sob a prote\u00e7\u00e3o das leis e regulamentos da Rep\u00fablica Federativa do Brasil, cuja atividade principal \u00e9 a completa presta\u00e7\u00e3o de servi\u00e7os funer\u00e1rios.<br><br>\n\nPara que voc\u00ea tenha um servi\u00e7o de qualidade e que v\u00e1 ao encontro de suas necessidades e interesses, necessitamos coletar alguns dados pessoais que nos permitir\u00e3o prestar-lhe um servi\u00e7o mais personalizado.<br>\nPara a MEMORIAL, a privacidade e a seguran\u00e7a dos dados pessoais coletados s\u00e3o fundamentais. \u00c9 por isso que, atrav\u00e9s desta pol\u00edtica, ser\u00e1 detalhado a forma como os dados informados s\u00e3o coletados, armazenados e utilizados.<br>\nO principal objetivo desta pol\u00edtica \u00e9 estabelecer par\u00e2metros e medidas, de acordo com as normas em vigor no quesito a prote\u00e7\u00e3o de dados pessoais, que promovam e garantam a privacidade, integridade e confidencialidade de toda a informa\u00e7\u00e3o que acessamos.<br><br>\n\n<strong>APLICABILIDADE<\/strong><br><br>\nEsta pol\u00edtica destina-se \u00e0s pessoas f\u00edsicas que acessam o site da MEMORIAL, ainda, este documento serve como aparato para direcionar a forma como os dados pessoais s\u00e3o tratados pela MEMORIAL, estando em conformidade com a Lei Federal 13.709\/2018 - Lei de Prote\u00e7\u00e3o de Dados Pessoais \u2013 LGPD.<br><br>\n\n<strong>TRATAMENTO<\/strong><br><br>\nA MEMORIAL, para o desenvolvimento de suas atividades comerciais e pela natureza do servi\u00e7o que presta, como Controladora no Tratamento dos Dados Pessoais poder\u00e1 ter acesso a dados pessoais.<br><br>\n\n<strong>AUTORIZA\u00c7\u00c3O<\/strong><br><br>\nA MEMORIAL decorrente da rela\u00e7\u00e3o contratual que mant\u00e9m com cada cliente est\u00e1 autorizada a processar os Dados seus Pessoais.<br><br>\n\nAo acessar o site voc\u00ea aceita os termos as condi\u00e7\u00f5es estabelecidas nesta pol\u00edtica, autorizando a MEMORIAL a tratar os dados que foram disponibilizados voluntariamente.<br><br>\n\n<strong>COLETA DE DADOS PESSOAIS<\/strong><br>\nPara que a MEMORIAL forne\u00e7a seus servi\u00e7os, o usu\u00e1rio deve inserir informa\u00e7\u00f5es pessoais no site da MEMORIAL, como: nome, telefone, e-mail entre outros.<br>\n Ao enviar os dados pessoais relacionados a outra pessoa, voc\u00ea declara que tem autoridade para faz\u00ea-lo e nos permite usar as informa\u00e7\u00f5es de acordo com esta Pol\u00edtica de Privacidade.<br><br>\n\n<strong>USO DE DADOS PESSOAIS<\/strong><br><br>\nA MEMORIAL s\u00f3 pode compartilhar suas informa\u00e7\u00f5es quando entender que seja necess\u00e1rio ou apropriado, considerando algumas situa\u00e7\u00f5es:<br>\n\u2022 Para proteger nossos direitos, privacidade, seguran\u00e7a ou propriedade, sua ou de terceiros.<br>\n\u2022 Para cumprir uma legisla\u00e7\u00e3o aplic\u00e1vel com o nosso controle de qualidade e com as obriga\u00e7\u00f5es de informar.<br>\n\u2022 Para responder as solicita\u00e7\u00f5es de autoridades p\u00fablicas e governamentais.<br>\n\u2022 Para cooperar com a pol\u00edcia ou por outros raz\u00f5es legais.<br>\n\u2022 Para fazer cumprir nossos termos e condi\u00e7\u00f5es.<br>\n\u2022 Para nos auxiliar na realiza\u00e7\u00e3o dos servi\u00e7os podemos compartilhar seus dados\npessoais com terceiros, considerando que essas empresas adotam as medidas t\u00e9cnicas e organizacionais necess\u00e1rias para garantir o sigilo e prote\u00e7\u00e3o das informa\u00e7\u00f5es, de acordo com o n\u00edvel de seguran\u00e7a praticado pela MEMORIAL.<br>\nTamb\u00e9m podemos usar e compartilhar suas informa\u00e7\u00f5es de outras formas, ap\u00f3s obter o seu consentimento para faz\u00ea-lo.<br><br>\n\n<strong>TRANSFER\u00caNCIA DE DADOS PESSOAIS<\/strong><br><br>\nSeus dados pessoais podem ser armazenados e processados em qualquer pa\u00eds onde temos instala\u00e7\u00f5es ou prestadores de servi\u00e7os. Ao usar nosso Site ou nos dar seu consentimento, seus dados pessoais podem ser transferidos para outros pa\u00edses.<br>\nPor\u00e9m, estamos empenhados em garantir que os seus dados pessoais sejam transferidos para pa\u00edses que oferecem um n\u00edvel adequado de prote\u00e7\u00e3o ou existam medidas em vigor para garantir que o destinat\u00e1rio est\u00e1 empenhado em proteger os seus dados pessoais.<br><br>\n\n<strong>MEDIDAS DE SEGURAN\u00c7A<\/strong><br><br>\nA MEMORIAL toma as medidas adequadas para proteger os dados pessoais que s\u00e3o consistentes com as leis e regulamentos de privacidade e seguran\u00e7a de dados aplic\u00e1veis, incluindo a exig\u00eancia de que os prestadores de servi\u00e7os apliquem as medidas adequadas para proteger a confidencialidade e a seguran\u00e7a dos dados pessoais.<br>\nUtilizamos controles de acesso para as informa\u00e7\u00f5es que est\u00e3o em posse da MEMORIAL, estabelecendo a permiss\u00e3o e os privil\u00e9gios de acesso de acordo com as responsabilidades envolvidas e a necessidade para a execu\u00e7\u00e3o da atividade.<br><br>\n\n <strong>UTILIZA\u00c7\u00c3O DE COOKIES<\/strong><br><br>\nUm cookie \u00e9 uma pequena parte de informa\u00e7\u00e3o que um site concede ao seu dispositivo enquanto voc\u00ea navega por ele. Ressaltamos que utilizamos os cookies de sess\u00e3o, que s\u00e3o cookies tempor\u00e1rios, sua finalidade \u00e9 rastrear todas as informa\u00e7\u00f5es de solicita\u00e7\u00e3o que foram feitas pelo usu\u00e1rio em geral da sess\u00e3o particular. Essa sess\u00e3o \u00e9 armazenada por um per\u00edodo tempor\u00e1rio e quando o usu\u00e1rio fecha a sess\u00e3o do navegador \u00e9 destru\u00edda automaticamente.<br>\nOs cookies podem ser removidos, no entanto, se optar por desativar os cookies, algumas caracter\u00edsticas do nosso site podem n\u00e3o funcionar corretamente, resultando na limita\u00e7\u00e3o de sua navega\u00e7\u00e3o, por exemplo: o idioma disponibilizado durante a navega\u00e7\u00e3o do usu\u00e1rio.<br><br>\n\n<strong>PER\u00cdODO DE ARMAZENAMENTO DE INFORMA\u00c7\u00d5ES<\/strong><br><br>\nAs informa\u00e7\u00f5es pessoais enviadas por voc\u00ea ser\u00e3o armazenadas de acordo com as necessidades que foram obtidas e de acordo com os requisitos legais aplic\u00e1veis.<br><br>\n\n<strong>PRINC\u00cdPIOS QUE REGULAM ESSA POL\u00cdTICA<\/strong><br><br>\n<strong>Acesso Restrito:<\/strong> A MEMORIAL n\u00e3o disponibiliza dados pessoais para acesso atrav\u00e9s da Internet ou outro meio de comunica\u00e7\u00e3o, a menos que sejam estabelecidas medidas t\u00e9cnicas e de seguran\u00e7a que permitam o acesso controlado e restrito \u00e0s pessoas autorizadas.<br>\n<strong>Circula\u00e7\u00e3o Restrita: <\/strong>Os Dados Pessoais s\u00f3 ser\u00e3o processados por pessoal da MEMORIAL com autoriza\u00e7\u00e3o de acordo com as disposi\u00e7\u00f5es de acesso restrito, ou por quem, no \u00e2mbito de suas fun\u00e7\u00f5es, seja encarregado de realizar tais atividades.<br>\n<strong>Confidencialidade:<\/strong> O tratamento est\u00e1 sujeito a requisitos de sigilo e, portanto, as pessoas que est\u00e3o nele envolvidas, devem manter a confidencialidade das informa\u00e7\u00f5es em todos os momentos.<br>\n<strong>Prop\u00f3sito: <\/strong>Toda a atividade de Tratamento deve ser consistente com os leg\u00edtimos interesses mencionados nesta Pol\u00edtica, que devem ser informados ao Titular no momento da obten\u00e7\u00e3o de sua autoriza\u00e7\u00e3o.<br>\n<strong>Integridade: <\/strong>Os Dados Pessoais enviados para o tratamento deve corresponder \u00e0s informa\u00e7\u00f5es fornecidas pelos Titulares. A MEMORIAL vai completar, corrigir, atualizar ou excluir os Dados Pessoais a pedido dos Titulares. A MEMORIAL aplicar\u00e1 todos os esfor\u00e7os razo\u00e1veis para evitar a sujei\u00e7\u00e3o de Dados Pessoais parciais, incompletos ou enganosos ao processamento e para manter a integridade e veracidade dos Dados Pessoais contidos em seus Bancos de Dados.<br>\n<strong>Seguran\u00e7a:<\/strong>A MEMORIAL possui medidas t\u00e9cnicas, humanas e de seguran\u00e7a necess\u00e1rias para manter a confidencialidade e razo\u00e1vel seguran\u00e7a dos Dados Pessoais, a fim de evitar a adultera\u00e7\u00e3o, modifica\u00e7\u00e3o, consulta, elimina\u00e7\u00e3o, uso fraudulento e acesso aos Dados Pessoais por pessoas n\u00e3o autorizadas.<br>\n\n <strong>Transpar\u00eancia: <\/strong>Quando o Titular dos dados pessoais solicitar, a MEMORIAL prestar\u00e1 informa\u00e7\u00f5es sobre determinados Dados Pessoais solicitados.<br><br>\n\n<strong>DIREITOS DOS TITULARES<\/strong><br><br>\n<strong>Atualiza\u00e7\u00e3o: <\/strong>Atualizar os Dados Pessoais que ficam nos Bancos de Dados MEMORIAL\npara manter sua integridade e veracidade.<br>\n<strong>Retifica\u00e7\u00e3o: <\/strong>Retificar informa\u00e7\u00f5es e Dados Pessoais que est\u00e3o sob o controle da MEMORIAL.<br>\n<strong>Solicita\u00e7\u00e3o: <\/strong>Enviar solicita\u00e7\u00f5es \u00e0 MEMORIAL sobre o uso que foi dado aos seus Dados Pessoais.<br>\n<strong>Confirma\u00e7\u00e3o da exist\u00eancia de tratamento: <\/strong>Obter informa\u00e7\u00f5es da MEMORIAL quanto o tratamento de seus dados pessoais.<br>\n<strong>Anoniminiza\u00e7\u00e3o: <\/strong>Solicitar a descaracteriza\u00e7\u00e3o quando poss\u00edvel de identifica\u00e7\u00e3o de seus dados pessoais.<br>\n<strong>Limita\u00e7\u00e3o do tratamento: <\/strong>Limita\u00e7\u00e3o do tratamento ao m\u00ednimo necess\u00e1rio para a realiza\u00e7\u00e3o de suas finalidades.<br>\n<strong>Elimina\u00e7\u00e3o de dados desnecess\u00e1rios: <\/strong>Excessivos ou tratados em desconformidade com a LGPD.<br>\n<strong>Portabilidade dos dados: <\/strong>Solicitar a portabilidade dos dados para outro Controlador, mediante requisi\u00e7\u00e3o expressa de acordo com a regulamenta\u00e7\u00e3o do \u00f3rg\u00e3o controlador.<br>\n<strong>Informa\u00e7\u00f5es sobre o compartilhamento: <\/strong>Solicitar informa\u00e7\u00f5es sobre os dados que foram compartilhados.<br>\n<strong>N\u00e3o consentimento: <\/strong>Obter informa\u00e7\u00e3o sobre a possibilidade de n\u00e3o fornecer consentimento e sobre as consequ\u00eancias da negativa.<br>\n<strong>Revoga\u00e7\u00e3o do consentimento: <\/strong>O consentimento pode ser revogado a qualquer momento mediante manifesta\u00e7\u00e3o expressa do titular. Caso isso ocorra a MEMORIAL ficar\u00e1 impedida de prosseguir com a manuten\u00e7\u00e3o dos dados, limitando a presta\u00e7\u00e3o de servi\u00e7os.<br><br>\n\n<strong>CONTATE-NOS<\/strong><br><br>\nSe voc\u00ea tiver perguntas, coment\u00e1rios, solicita\u00e7\u00f5es ou preocupa\u00e7\u00f5es relacionadas a esta Pol\u00edtica de Privacidade ou \u00e0s pr\u00e1ticas de informa\u00e7\u00e3o do site MEMORIAL, ou se desejar cancelar o recebimento de comunica\u00e7\u00f5es futuras, entre em contato da seguinte forma:<br><br>\nEnvie um e-mail detalhando sua necessidade para: lgpdmemorial@krlservices.com.br <br><br>\n\n<strong>ATUALIZA\u00c7\u00d5ES DA POL\u00cdTICA DE PRIVACIDADE<\/strong><br><br>\n \n Esta Pol\u00edtica poder\u00e1 ser alterada e\/ou atualizada a qualquer momento, sendo sua vig\u00eancia por tempo indeterminado. Quaisquer altera\u00e7\u00f5es a esta Pol\u00edtica de Privacidade entrar\u00e3o em vigor quando a publicarmos no Site.<br>\nRecomendamos que voc\u00ea reveja periodicamente a Pol\u00edtica de Privacidade ao visitar o site MEMORIAL.<br>\nData da \u00faltima atualiza\u00e7\u00e3o: mar\u00e7o\/2022.<br><br>\n\n<strong>GLOSS\u00c1RIO<\/strong><br><br>\n<strong>Autoridade Nacional de Prote\u00e7\u00e3o de Dados (ANPD):<\/strong> \u00d3rg\u00e3o da administra\u00e7\u00e3o p\u00fablica respons\u00e1vel por zelar, implementar e fiscalizar o cumprimento da LGPD em todo territ\u00f3rio nacional.<br>\n<strong>Autoriza\u00e7\u00e3o: <\/strong>\u00c9 o consentimento expresso e informado do Titular dos dados pessoais para que a MEMORIAL processe seus Dados Pessoais.<br>\n<strong>Controladora: <\/strong>\u00c9 a MEMORIAL, como pessoa jur\u00eddica com compet\u00eancia para decidir sobre as Bases de Dados, sobre os Dados Pessoais e controlar o seu Tratamento, bem como, todas as pessoas sob sua responsabilidade que, em virtude da Autoriza\u00e7\u00e3o e desta Pol\u00edtica, possuindo legitimidade para realizar o Tratamento.<br>\n<strong>Base de Dados: <\/strong>\u00c9 o conjunto organizado de Dados Pessoais que est\u00e3o sujeitos ao Tratamento, eletr\u00f4nico ou n\u00e3o, qualquer que seja a modalidade de sua forma\u00e7\u00e3o, armazenamento, organiza\u00e7\u00e3o e acesso.<br>\n<strong>Dado Pessoal: <\/strong>S\u00e3o informa\u00e7\u00f5es de qualquer tipo, vinculadas ou que podem estar associadas a uma ou mais pessoas f\u00edsicas espec\u00edficas ou determin\u00e1veis, ou seja, qualquer informa\u00e7\u00e3o relacionada a pessoa natural identificada ou identific\u00e1vel, como: dados de identifica\u00e7\u00e3o (nome, RG, idade, sexo), informa\u00e7\u00f5es de contato (telefone, e- mail, endere\u00e7o), informa\u00e7\u00f5es financeiras, e outros dados relacionados.<br>\n<strong>Dado Pessoal Sens\u00edvel:<\/strong> S\u00e3o informa\u00e7\u00f5es sobre origem racial ou \u00e9tnica, convic\u00e7\u00e3o religiosa, opini\u00e3o pol\u00edtica, filia\u00e7\u00e3o a sindicato ou a organiza\u00e7\u00e3o de car\u00e1ter religioso, filos\u00f3fico ou pol\u00edtico, dado referente \u00e0 sa\u00fade ou \u00e0 vida sexual, dado gen\u00e9tico ou biom\u00e9trico quando vinculado a pessoa natural.<br>\n<strong>Encarregado ou Data Protection Officer (DPO):<\/strong> Pessoa f\u00edsica ou jur\u00eddica indicada pelo Agente de Tratamento para atuar como canal de comunica\u00e7\u00e3o entre o Controlador, os titulares de dados e a Autoridade Nacional de Prote\u00e7\u00e3o de Dados.<br>\n<strong>Operador de Dados Pessoais: <\/strong>Pessoa f\u00edsica ou jur\u00eddica, de direito p\u00fablico ou privado, que realiza o tratamento de dados pessoais em nome do Controlador.<br>\n<strong>Titular de Dados Pessoais: <\/strong>Pessoa natural a quem se referem os dados pessoais que s\u00e3o objeto de tratamento.<br>\n<strong>Tratamento:<\/strong> Toda opera\u00e7\u00e3o realizada com dados pessoais, como as que se referem a coleta, produ\u00e7\u00e3o, recep\u00e7\u00e3o, classifica\u00e7\u00e3o, utiliza\u00e7\u00e3o, acesso, reprodu\u00e7\u00e3o, transmiss\u00e3o, distribui\u00e7\u00e3o, processamento, arquivamento, armazenamento, elimina\u00e7\u00e3o, avalia\u00e7\u00e3o, controle da informa\u00e7\u00e3o, modifica\u00e7\u00e3o, comunica\u00e7\u00e3o, transfer\u00eancia, difus\u00e3o ou extra\u00e7\u00e3o.<\/p>\t\t<\/div>\n\t\t\t\t<\/div>\n\t\t\t\t\t<\/div>\n\t\t<\/div>\n\t\t\t\t\t<\/div>\n\t\t<\/section>\n\t\t\t\t<\/div>\n\t\t","protected":false},"excerpt":{"rendered":"<p>POL\u00cdTICA DE PRIVACIDADE DA MEMORIAL INTERNATIONAL. MEMORIAL INTERNATIONAL, que doravante e para os usu\u00e1rios deste documento se identifica MEMORIAL, \u00e9 uma empresa constitu\u00edda sob a prote\u00e7\u00e3o das leis e regulamentos da Rep\u00fablica Federativa do Brasil, cuja atividade principal \u00e9 a completa presta\u00e7\u00e3o de servi\u00e7os funer\u00e1rios. Para que voc\u00ea tenha um servi\u00e7o de qualidade e que [&hellip;]<\/p>\n","protected":false},"author":2,"featured_media":0,"parent":0,"menu_order":0,"comment_status":"closed","ping_status":"closed","template":"","meta":{"footnotes":""},"class_list":["post-1857","page","type-page","status-publish","hentry"],"yoast_head":"<!-- This site is optimized with the Yoast SEO plugin v27.5 - https:\/\/yoast.com\/product\/yoast-seo-wordpress\/ -->\n<title>Politica de Privacidade - Memorial Corp<\/title>\n<meta name=\"robots\" content=\"index, follow, max-snippet:-1, max-image-preview:large, max-video-preview:-1\" \/>\n<link rel=\"canonical\" href=\"https:\/\/memorialcorp.com\/index.php\/pt\/politica-de-privacidade\/\" \/>\n<meta property=\"og:locale\" content=\"es_ES\" \/>\n<meta property=\"og:type\" content=\"article\" \/>\n<meta property=\"og:title\" content=\"Politica de Privacidade - Memorial Corp\" \/>\n<meta property=\"og:description\" content=\"POL\u00cdTICA DE PRIVACIDADE DA MEMORIAL INTERNATIONAL. MEMORIAL INTERNATIONAL, que doravante e para os usu\u00e1rios deste documento se identifica MEMORIAL, \u00e9 uma empresa constitu\u00edda sob a prote\u00e7\u00e3o das leis e regulamentos da Rep\u00fablica Federativa do Brasil, cuja atividade principal \u00e9 a completa presta\u00e7\u00e3o de servi\u00e7os funer\u00e1rios. Para que voc\u00ea tenha um servi\u00e7o de qualidade e que [&hellip;]\" \/>\n<meta property=\"og:url\" content=\"https:\/\/memorialcorp.com\/index.php\/pt\/politica-de-privacidade\/\" \/>\n<meta property=\"og:site_name\" content=\"Memorial Corp\" \/>\n<meta property=\"article:publisher\" content=\"https:\/\/www.facebook.com\/memorialint\" \/>\n<meta property=\"article:modified_time\" content=\"2022-12-06T14:56:59+00:00\" \/>\n<meta name=\"twitter:card\" content=\"summary_large_image\" \/>\n<meta name=\"twitter:label1\" content=\"Tiempo de lectura\" \/>\n\t<meta name=\"twitter:data1\" content=\"8 minutos\" \/>\n<script type=\"application\/ld+json\" class=\"yoast-schema-graph\">{\"@context\":\"https:\\\/\\\/schema.org\",\"@graph\":[{\"@type\":\"WebPage\",\"@id\":\"https:\\\/\\\/memorialcorp.com\\\/index.php\\\/pt\\\/politica-de-privacidade\\\/\",\"url\":\"https:\\\/\\\/memorialcorp.com\\\/index.php\\\/pt\\\/politica-de-privacidade\\\/\",\"name\":\"Politica de Privacidade - Memorial Corp\",\"isPartOf\":{\"@id\":\"https:\\\/\\\/memorialcorp.com\\\/#website\"},\"datePublished\":\"2022-12-06T14:12:00+00:00\",\"dateModified\":\"2022-12-06T14:56:59+00:00\",\"breadcrumb\":{\"@id\":\"https:\\\/\\\/memorialcorp.com\\\/index.php\\\/pt\\\/politica-de-privacidade\\\/#breadcrumb\"},\"inLanguage\":\"es\",\"potentialAction\":[{\"@type\":\"ReadAction\",\"target\":[\"https:\\\/\\\/memorialcorp.com\\\/index.php\\\/pt\\\/politica-de-privacidade\\\/\"]}]},{\"@type\":\"BreadcrumbList\",\"@id\":\"https:\\\/\\\/memorialcorp.com\\\/index.php\\\/pt\\\/politica-de-privacidade\\\/#breadcrumb\",\"itemListElement\":[{\"@type\":\"ListItem\",\"position\":1,\"name\":\"Inicio\",\"item\":\"https:\\\/\\\/memorialcorp.com\\\/\"},{\"@type\":\"ListItem\",\"position\":2,\"name\":\"Politica de Privacidade\"}]},{\"@type\":\"WebSite\",\"@id\":\"https:\\\/\\\/memorialcorp.com\\\/#website\",\"url\":\"https:\\\/\\\/memorialcorp.com\\\/\",\"name\":\"Memorial Corp\",\"description\":\"Somos la corporaci\u00f3n m\u00e1s grande de asistencia funeraria internacional\",\"publisher\":{\"@id\":\"https:\\\/\\\/memorialcorp.com\\\/#organization\"},\"potentialAction\":[{\"@type\":\"SearchAction\",\"target\":{\"@type\":\"EntryPoint\",\"urlTemplate\":\"https:\\\/\\\/memorialcorp.com\\\/?s={search_term_string}\"},\"query-input\":{\"@type\":\"PropertyValueSpecification\",\"valueRequired\":true,\"valueName\":\"search_term_string\"}}],\"inLanguage\":\"es\"},{\"@type\":\"Organization\",\"@id\":\"https:\\\/\\\/memorialcorp.com\\\/#organization\",\"name\":\"Memorial Corp\",\"url\":\"https:\\\/\\\/memorialcorp.com\\\/\",\"logo\":{\"@type\":\"ImageObject\",\"inLanguage\":\"es\",\"@id\":\"https:\\\/\\\/memorialcorp.com\\\/#\\\/schema\\\/logo\\\/image\\\/\",\"url\":\"https:\\\/\\\/memorialcorp.com\\\/wp-content\\\/uploads\\\/2021\\\/03\\\/logo-memorial-1.png\",\"contentUrl\":\"https:\\\/\\\/memorialcorp.com\\\/wp-content\\\/uploads\\\/2021\\\/03\\\/logo-memorial-1.png\",\"width\":500,\"height\":167,\"caption\":\"Memorial Corp\"},\"image\":{\"@id\":\"https:\\\/\\\/memorialcorp.com\\\/#\\\/schema\\\/logo\\\/image\\\/\"},\"sameAs\":[\"https:\\\/\\\/www.facebook.com\\\/memorialint\",\"https:\\\/\\\/www.linkedin.com\\\/company\\\/memorial-international\"]}]}<\/script>\n<!-- \/ Yoast SEO plugin. -->","yoast_head_json":{"title":"Politica de Privacidade - Memorial Corp","robots":{"index":"index","follow":"follow","max-snippet":"max-snippet:-1","max-image-preview":"max-image-preview:large","max-video-preview":"max-video-preview:-1"},"canonical":"https:\/\/memorialcorp.com\/index.php\/pt\/politica-de-privacidade\/","og_locale":"es_ES","og_type":"article","og_title":"Politica de Privacidade - Memorial Corp","og_description":"POL\u00cdTICA DE PRIVACIDADE DA MEMORIAL INTERNATIONAL. MEMORIAL INTERNATIONAL, que doravante e para os usu\u00e1rios deste documento se identifica MEMORIAL, \u00e9 uma empresa constitu\u00edda sob a prote\u00e7\u00e3o das leis e regulamentos da Rep\u00fablica Federativa do Brasil, cuja atividade principal \u00e9 a completa presta\u00e7\u00e3o de servi\u00e7os funer\u00e1rios. Para que voc\u00ea tenha um servi\u00e7o de qualidade e que [&hellip;]","og_url":"https:\/\/memorialcorp.com\/index.php\/pt\/politica-de-privacidade\/","og_site_name":"Memorial Corp","article_publisher":"https:\/\/www.facebook.com\/memorialint","article_modified_time":"2022-12-06T14:56:59+00:00","twitter_card":"summary_large_image","twitter_misc":{"Tiempo de lectura":"8 minutos"},"schema":{"@context":"https:\/\/schema.org","@graph":[{"@type":"WebPage","@id":"https:\/\/memorialcorp.com\/index.php\/pt\/politica-de-privacidade\/","url":"https:\/\/memorialcorp.com\/index.php\/pt\/politica-de-privacidade\/","name":"Politica de Privacidade - Memorial Corp","isPartOf":{"@id":"https:\/\/memorialcorp.com\/#website"},"datePublished":"2022-12-06T14:12:00+00:00","dateModified":"2022-12-06T14:56:59+00:00","breadcrumb":{"@id":"https:\/\/memorialcorp.com\/index.php\/pt\/politica-de-privacidade\/#breadcrumb"},"inLanguage":"es","potentialAction":[{"@type":"ReadAction","target":["https:\/\/memorialcorp.com\/index.php\/pt\/politica-de-privacidade\/"]}]},{"@type":"BreadcrumbList","@id":"https:\/\/memorialcorp.com\/index.php\/pt\/politica-de-privacidade\/#breadcrumb","itemListElement":[{"@type":"ListItem","position":1,"name":"Inicio","item":"https:\/\/memorialcorp.com\/"},{"@type":"ListItem","position":2,"name":"Politica de Privacidade"}]},{"@type":"WebSite","@id":"https:\/\/memorialcorp.com\/#website","url":"https:\/\/memorialcorp.com\/","name":"Memorial Corp","description":"Somos la corporaci\u00f3n m\u00e1s grande de asistencia funeraria internacional","publisher":{"@id":"https:\/\/memorialcorp.com\/#organization"},"potentialAction":[{"@type":"SearchAction","target":{"@type":"EntryPoint","urlTemplate":"https:\/\/memorialcorp.com\/?s={search_term_string}"},"query-input":{"@type":"PropertyValueSpecification","valueRequired":true,"valueName":"search_term_string"}}],"inLanguage":"es"},{"@type":"Organization","@id":"https:\/\/memorialcorp.com\/#organization","name":"Memorial Corp","url":"https:\/\/memorialcorp.com\/","logo":{"@type":"ImageObject","inLanguage":"es","@id":"https:\/\/memorialcorp.com\/#\/schema\/logo\/image\/","url":"https:\/\/memorialcorp.com\/wp-content\/uploads\/2021\/03\/logo-memorial-1.png","contentUrl":"https:\/\/memorialcorp.com\/wp-content\/uploads\/2021\/03\/logo-memorial-1.png","width":500,"height":167,"caption":"Memorial Corp"},"image":{"@id":"https:\/\/memorialcorp.com\/#\/schema\/logo\/image\/"},"sameAs":["https:\/\/www.facebook.com\/memorialint","https:\/\/www.linkedin.com\/company\/memorial-international"]}]}},"_links":{"self":[{"href":"https:\/\/memorialcorp.com\/index.php\/wp-json\/wp\/v2\/pages\/1857","targetHints":{"allow":["GET"]}}],"collection":[{"href":"https:\/\/memorialcorp.com\/index.php\/wp-json\/wp\/v2\/pages"}],"about":[{"href":"https:\/\/memorialcorp.com\/index.php\/wp-json\/wp\/v2\/types\/page"}],"author":[{"embeddable":true,"href":"https:\/\/memorialcorp.com\/index.php\/wp-json\/wp\/v2\/users\/2"}],"replies":[{"embeddable":true,"href":"https:\/\/memorialcorp.com\/index.php\/wp-json\/wp\/v2\/comments?post=1857"}],"version-history":[{"count":10,"href":"https:\/\/memorialcorp.com\/index.php\/wp-json\/wp\/v2\/pages\/1857\/revisions"}],"predecessor-version":[{"id":1868,"href":"https:\/\/memorialcorp.com\/index.php\/wp-json\/wp\/v2\/pages\/1857\/revisions\/1868"}],"wp:attachment":[{"href":"https:\/\/memorialcorp.com\/index.php\/wp-json\/wp\/v2\/media?parent=1857"}],"curies":[{"name":"wp","href":"https:\/\/api.w.org\/{rel}","templated":true}]}}